{"id":318,"date":"2018-09-02T15:13:39","date_gmt":"2018-09-02T07:13:39","guid":{"rendered":"https:\/\/weyh-residence.com\/?page_id=318"},"modified":"2024-01-11T06:01:00","modified_gmt":"2024-01-10T22:01:00","slug":"unser-serviceangebot","status":"publish","type":"page","link":"https:\/\/weyh-residence.com\/?page_id=318&lang=de","title":{"rendered":"Unser Serviceangebot"},"content":{"rendered":"<p>Wir bieten Ihnen eine Reihe von Dienstleistungen, um Ihren Aufenthalt komfortabler und entspannter zu gestalten.<\/p>\n<h2>Abhol-\/ Transfer Service<\/h2>\n<h3>Tagbilaran,\u00a0 Flughafen oder F\u00e4hranleger<\/h3>\n<p><em>Ankunft \/ Abreise &#8211; Abholung\/Transfer<\/em> von bis zu 5 Personen<\/p>\n<p>von\/nach Tagbilaran City (Pier) \u2013 700 PhP*<\/p>\n<p>von\/nach Flughafen Panglao \u2013 500 PhP*<\/p>\n<p><em>Shuttle Service (Einweg-)<\/em>\u00a0 von bis zu 5 Personen<\/p>\n<p>von\/nach Tagbilaran City (Einkaufszentrum, usw.) \u2013 700 PhP<\/p>\n<p>von\/nach jedem Ort auf Panglao (z.B. Alona Beach) \u2013 500 PhP<\/p>\n<pre>*anbh\u00e4ngig vom Anbieter<\/pre>\n<h3>Auf der Insel Panglao<\/h3>\n<p>Shuttle Service (Einweg-) von oder nach Weyh Residence von oder zu jedem Ort auf der Insel Panglao f\u00fcr bis zu 5 Personen \u2013 500 PhP<\/p>\n<h3>Wartezeiten<\/h3>\n<p>Geb\u00fchr f\u00fcr die Wartezeit des Fahrers: pro angefangener Stunde \u2013 150 PhP<\/p>\n<p>Es f\u00e4llt keine Geb\u00fchr f\u00fcr die R\u00fcckfahrt an, wenn die Wartezeit Option genutzt wird.<\/p>\n<h2>Fr\u00fchst\u00fccksmen\u00fc<\/h2>\n<p>Wir haben kein Restaurant. Sollten Sie ein Fr\u00fchst\u00fcck w\u00fcnschen, geben Sie uns bitte fr\u00fchzeitig Bescheid, damit wir die Zutaten einkaufen k\u00f6nnen.<\/p>\n<h4>Amerikanisches Fr\u00fchst\u00fcck \u2013 280 PhP<\/h4>\n<ul>\n<li>Zwei Scheiben Brot mit Marmelade und Butter<\/li>\n<li>Zwei Eier (Spiegelei, R\u00fchrei oder gekocht)<\/li>\n<li>Speck (Bacon)<\/li>\n<li>Eine Tasse frisch gebr\u00fchter Kaffee\/ hei\u00dfer Tee\/ hei\u00dfe Schokolade<\/li>\n<li>Ein Glas Saft<\/li>\n<\/ul>\n<h4>Kontinentales Fr\u00fchst\u00fcck \u2013 240 PhP<\/h4>\n<ul>\n<li>Brot mit Marmelade und Butter oder Pfannkuchen mit Sirup<\/li>\n<li>Zwei Eier (Spiegelei, R\u00fchrei oder gekocht)<\/li>\n<li>Eine Tasse frisch gebr\u00fchter Kaffee\/ hei\u00dfer Tee\/ hei\u00dfe Schokolade<\/li>\n<li>Ein Glas Saft<\/li>\n<\/ul>\n<h4>Filipino Fr\u00fchst\u00fcck \u2013 240 PhP<\/h4>\n<ul>\n<li>Ein Becher Reis<\/li>\n<li>Zwei Eier (Spiegelei, R\u00fchrei oder gekocht)<\/li>\n<li>Corned Beef, Hotdog oder Tocino (Filipino Spezialit\u00e4t)<\/li>\n<li>Eine Tasse Instant- Kaffee<\/li>\n<li>Ein Glas Saft<\/li>\n<\/ul>\n<h2>BBQ &#8211; Barbecue<\/h2>\n<p>Auf Wunsch k\u00f6nnen wir f\u00fcr Sie einen Grillabend vor Ort organisieren. Bitte sprechen Sie uns rechtzeitig an, damit wir die Kosten und ihre spezifischen W\u00fcnsche besprechen k\u00f6nnen.<\/p>\n<p>Sie k\u00f6nnen den Grill auch verwenden (ohne Kosten), um Ihren eigenes Barbecue zu machen. Wir k\u00f6nnen bei Bedarf Holzkohle liefern.<\/p>\n","protected":false},"excerpt":{"rendered":"<p>Wir bieten Ihnen eine Reihe von Dienstleistungen, um Ihren Aufenthalt komfortabler und entspannter zu gestalten. Abhol-\/ Transfer Service Tagbilaran,\u00a0 Flughafen oder F\u00e4hranleger Ankunft \/ Abreise &#8211; Abholung\/Transfer von bis zu 5 Personen von\/nach Tagbilaran City (Pier) \u2013 700 PhP* von\/nach Flughafen Panglao \u2013 500 PhP* Shuttle Service (Einweg-)\u00a0 von bis zu 5 Personen von\/nach Tagbilaran &hellip; <\/p>\n<p class=\"link-more\"><a href=\"https:\/\/weyh-residence.com\/?page_id=318&#038;lang=de\" class=\"more-link\">Continue reading<span class=\"screen-reader-text\"> &#8220;Unser Serviceangebot&#8221;<\/span><\/a><\/p>\n","protected":false},"author":1,"featured_media":0,"parent":0,"menu_order":0,"comment_status":"closed","ping_status":"closed","template":"","meta":{"footnotes":""},"class_list":["post-318","page","type-page","status-publish","hentry"],"_links":{"self":[{"href":"https:\/\/weyh-residence.com\/index.php?rest_route=\/wp\/v2\/pages\/318","targetHints":{"allow":["GET"]}}],"collection":[{"href":"https:\/\/weyh-residence.com\/index.php?rest_route=\/wp\/v2\/pages"}],"about":[{"href":"https:\/\/weyh-residence.com\/index.php?rest_route=\/wp\/v2\/types\/page"}],"author":[{"embeddable":true,"href":"https:\/\/weyh-residence.com\/index.php?rest_route=\/wp\/v2\/users\/1"}],"replies":[{"embeddable":true,"href":"https:\/\/weyh-residence.com\/index.php?rest_route=%2Fwp%2Fv2%2Fcomments&post=318"}],"version-history":[{"count":7,"href":"https:\/\/weyh-residence.com\/index.php?rest_route=\/wp\/v2\/pages\/318\/revisions"}],"predecessor-version":[{"id":520,"href":"https:\/\/weyh-residence.com\/index.php?rest_route=\/wp\/v2\/pages\/318\/revisions\/520"}],"wp:attachment":[{"href":"https:\/\/weyh-residence.com\/index.php?rest_route=%2Fwp%2Fv2%2Fmedia&parent=318"}],"curies":[{"name":"wp","href":"https:\/\/api.w.org\/{rel}","templated":true}]}}