{"id":277,"date":"2018-09-02T12:51:15","date_gmt":"2018-09-02T04:51:15","guid":{"rendered":"https:\/\/weyh-residence.com\/?page_id=277"},"modified":"2019-10-31T12:17:43","modified_gmt":"2019-10-31T04:17:43","slug":"verfugbarkeit-des-hauses","status":"publish","type":"page","link":"https:\/\/weyh-residence.com\/?page_id=277&lang=de","title":{"rendered":"Verf\u00fcgbarkeit des Hauses"},"content":{"rendered":"\n<p>F\u00fcr <strong>Urlaubsaufenthalte<\/strong> (kurzfristig, bis zu einem Monat) bieten wir das Haus \u201eAll Inclusive\u201c (Strom und Wasser) zu einem Preis pro Nacht an. Der zu bezahlende Preis beruht auf der Grundlage der aktuellen Buchungssituation. Buchen Sie fr\u00fchzeitig, um den niedrigsten Preis zu nutzen.<\/p>\n<p>Wir bieten das Haus auch f\u00fcr einen <strong>Langzeit-Aufenthalt<\/strong> (ein Monat und mehr) an. Um Ihnen einen fairen Preis zu bieten, k\u00f6nnen Sie eine Miete ohne fixe der Strom- und Wassergeb\u00fchren bezahlen. Diese Geb\u00fchren stellen wir Ihnen dann zu den aktuellen Kosten in Rechnung. Bitte nehmen Sie direkt Kontakt mit uns auf, wenn Sie mehr \u00fcber die Bedingungen f\u00fcr einen Langzeit-Aufenthalt erfahren m\u00f6chten.<\/p>\n<h2>Verf\u00fcgbarkeit<\/h2>\n<p>Nachstehend sehen Sie den derzeitigen Stand f\u00fcr die Verf\u00fcgbarkeit des Hauses. Klicken Sie auf den <strong>Pfeil<\/strong>, um zum gew\u00fcnschten Monat zu gelangen.<\/p>\n<div style=\"width:auto; padding:0; margin:0;\"><form id='ap00082235' style='display:inline;' method='GET' target='_blank' action='https:\/\/manage.bookingautomation.com\/booking.php'><script type='text\/javascript' src='https:\/\/manage.bookingautomation.com\/availcal\/cal.jsp?propid=82235&amp;width=300'><\/script><input type='hidden' name='propid' value='82235'><input type='hidden' name='fdate' value=''><input type='hidden' name='referer' value='Calendar'><input id='beds24sub1572492211' type='submit' STYLE='width:100%' value='Check Availability' title='Click to check availability and make a reservation online'><script type='text\/javascript'>document.getElementById('beds24sub1572492211').style.display='none';<\/script><\/form><\/div>\n<div class=\"b24bookingbutton\"><form  method='GET' action='https:\/\/manage.bookingautomation.com\/booking.php' target='_blank' style='display:inline'><input type='submit' value='jetzt online buchen'  style= \"width: auto; height: auto; text-shadow: 0 -1px 1px rgba(0, 0, 0, 0.1); -webkit-box-shadow: 0px 0px 1px #777777; -moz-box-shadow: 0px 0px 1px #777777; box-shadow: 0px 0px 1px #777777; cursor: pointer; display: inline-block; font-size: 24px; font-weight: bold;  padding: 10px; position: relative; text-align: center; font-family: inherit; background: #339900; background: -moz-linear-gradient(top, #66cc00, #339900); background: -webkit-gradient(linear, left top, left bottom, from(#66cc00), to(#339900)); background: -webkit-linear-gradient(top, #66cc00, #339900); background: -o-linear-gradient(top, #66cc00, #339900); background: linear-gradient(top, #66cc00, #339900); filter: progid:DXImageTransform.Microsoft.gradient(startColorstr='#66cc00', endColorstr='#339900'); border: 1px solid #339900; color: #ffffff;\"><input type='hidden' name='propid' value='82235'><input type='hidden' name='type' value='0'><input type='hidden' name='referer' value='website'><\/form><\/div>\n<h2>Buchen<\/h2>\n<p>Wenn Sie das Haus buchen m\u00f6chten, klicken Sie bitte auf den entsprechenden Link oben oder w\u00e4hlen Sie einen Tag im Kalendar aus.<\/p>\n<p>Wenn Sie lieber die Buchungsseite eines Drittanbieters nutzen m\u00f6chten, klicken Sie auf\u00a0<a href=\"https:\/\/weyh-residence.com\/?p=305&amp;lang=de\">Buchungs-Portale<\/a>.<\/p>\n","protected":false},"excerpt":{"rendered":"<p>F\u00fcr Urlaubsaufenthalte (kurzfristig, bis zu einem Monat) bieten wir das Haus \u201eAll Inclusive\u201c (Strom und Wasser) zu einem Preis pro Nacht an. Der zu bezahlende Preis beruht auf der Grundlage der aktuellen Buchungssituation. Buchen Sie fr\u00fchzeitig, um den niedrigsten Preis zu nutzen. Wir bieten das Haus auch f\u00fcr einen Langzeit-Aufenthalt (ein Monat und mehr) an. &hellip; <\/p>\n<p class=\"link-more\"><a href=\"https:\/\/weyh-residence.com\/?page_id=277&#038;lang=de\" class=\"more-link\">Continue reading<span class=\"screen-reader-text\"> &#8220;Verf\u00fcgbarkeit des Hauses&#8221;<\/span><\/a><\/p>\n","protected":false},"author":1,"featured_media":0,"parent":273,"menu_order":0,"comment_status":"closed","ping_status":"closed","template":"","meta":{"footnotes":""},"class_list":["post-277","page","type-page","status-publish","hentry"],"_links":{"self":[{"href":"https:\/\/weyh-residence.com\/index.php?rest_route=\/wp\/v2\/pages\/277","targetHints":{"allow":["GET"]}}],"collection":[{"href":"https:\/\/weyh-residence.com\/index.php?rest_route=\/wp\/v2\/pages"}],"about":[{"href":"https:\/\/weyh-residence.com\/index.php?rest_route=\/wp\/v2\/types\/page"}],"author":[{"embeddable":true,"href":"https:\/\/weyh-residence.com\/index.php?rest_route=\/wp\/v2\/users\/1"}],"replies":[{"embeddable":true,"href":"https:\/\/weyh-residence.com\/index.php?rest_route=%2Fwp%2Fv2%2Fcomments&post=277"}],"version-history":[{"count":13,"href":"https:\/\/weyh-residence.com\/index.php?rest_route=\/wp\/v2\/pages\/277\/revisions"}],"predecessor-version":[{"id":402,"href":"https:\/\/weyh-residence.com\/index.php?rest_route=\/wp\/v2\/pages\/277\/revisions\/402"}],"up":[{"embeddable":true,"href":"https:\/\/weyh-residence.com\/index.php?rest_route=\/wp\/v2\/pages\/273"}],"wp:attachment":[{"href":"https:\/\/weyh-residence.com\/index.php?rest_route=%2Fwp%2Fv2%2Fmedia&parent=277"}],"curies":[{"name":"wp","href":"https:\/\/api.w.org\/{rel}","templated":true}]}}