{"id":273,"date":"2018-09-02T12:48:10","date_gmt":"2018-09-02T04:48:10","guid":{"rendered":"https:\/\/weyh-residence.com\/?page_id=273"},"modified":"2019-10-31T10:30:09","modified_gmt":"2019-10-31T02:30:09","slug":"die-unterkunfte","status":"publish","type":"page","link":"https:\/\/weyh-residence.com\/?page_id=273&lang=de","title":{"rendered":"Die Unterk\u00fcnfte"},"content":{"rendered":"<h2>Haus mit zwei Schlafzimmern<\/h2>\n<h3>Ausstattung<\/h3>\n<ul>\n<li>Hauptschlafzimmer mit Fernseher, Klimaanlage, en Suite Badezimmer und Queen-Size Bett<\/li>\n<li>Zweites Schafzimmer mit Klimaanlage und Queen-Size-Bett<\/li>\n<li>Zweites Badezimmer mit Toilette<\/li>\n<li>Dusche mit Warmwasser<\/li>\n<li>Voll ausgestattete K\u00fcche mit gro\u00dfem K\u00fchlschrank, Wasserspender, Ofen, Herd und Reiskocher<\/li>\n<li>Esstisch f\u00fcr 6 Personen<\/li>\n<li>Wohnzimmer mit bequemem Sofa und Satelliten-Fernseher<\/li>\n<\/ul>\n<table>\n<tbody>\n<tr>\n<td>\n<p><figure id=\"attachment_18\" aria-describedby=\"caption-attachment-18\" style=\"width: 150px\" class=\"wp-caption alignnone\"><a href=\"https:\/\/weyh-residence.com\/wp-content\/uploads\/2018\/08\/IMG_20180609_163109.jpg\"><img loading=\"lazy\" decoding=\"async\" class=\"wp-image-18 size-thumbnail\" src=\"https:\/\/weyh-residence.com\/wp-content\/uploads\/2018\/08\/IMG_20180609_163109-150x150.jpg\" alt=\"LivingRoom\" width=\"150\" height=\"150\" srcset=\"https:\/\/weyh-residence.com\/wp-content\/uploads\/2018\/08\/IMG_20180609_163109-150x150.jpg 150w, https:\/\/weyh-residence.com\/wp-content\/uploads\/2018\/08\/IMG_20180609_163109-100x100.jpg 100w\" sizes=\"auto, (max-width: 150px) 100vw, 150px\" \/><\/a><figcaption id=\"caption-attachment-18\" class=\"wp-caption-text\">Wohnzimmer mit Fernseher im Haus mit 2 Schlafzimmern<\/figcaption><\/figure><\/td>\n<td>\n<p><figure id=\"attachment_17\" aria-describedby=\"caption-attachment-17\" style=\"width: 150px\" class=\"wp-caption alignnone\"><a href=\"https:\/\/weyh-residence.com\/wp-content\/uploads\/2018\/08\/IMG_20180609_1635001.jpg\"><img loading=\"lazy\" decoding=\"async\" class=\"wp-image-17 size-thumbnail\" src=\"https:\/\/weyh-residence.com\/wp-content\/uploads\/2018\/08\/IMG_20180609_1635001-150x150.jpg\" alt=\"LivingRoom\" width=\"150\" height=\"150\" srcset=\"https:\/\/weyh-residence.com\/wp-content\/uploads\/2018\/08\/IMG_20180609_1635001-150x150.jpg 150w, https:\/\/weyh-residence.com\/wp-content\/uploads\/2018\/08\/IMG_20180609_1635001-100x100.jpg 100w\" sizes=\"auto, (max-width: 150px) 100vw, 150px\" \/><\/a><figcaption id=\"caption-attachment-17\" class=\"wp-caption-text\">2 Schlafzimmer, Wohn- und Esszimmer und voll ausgestattete K\u00fcche<\/figcaption><\/figure><\/td>\n<td>\n<p><figure id=\"attachment_12\" aria-describedby=\"caption-attachment-12\" style=\"width: 150px\" class=\"wp-caption alignnone\"><a href=\"https:\/\/weyh-residence.com\/wp-content\/uploads\/2018\/08\/IMG_20180816_074606.jpg\"><img loading=\"lazy\" decoding=\"async\" class=\"wp-image-12 size-thumbnail\" src=\"https:\/\/weyh-residence.com\/wp-content\/uploads\/2018\/08\/IMG_20180816_074606-150x150.jpg\" alt=\"Sunbeds\" width=\"150\" height=\"150\" srcset=\"https:\/\/weyh-residence.com\/wp-content\/uploads\/2018\/08\/IMG_20180816_074606-150x150.jpg 150w, https:\/\/weyh-residence.com\/wp-content\/uploads\/2018\/08\/IMG_20180816_074606-100x100.jpg 100w\" sizes=\"auto, (max-width: 150px) 100vw, 150px\" \/><\/a><figcaption id=\"caption-attachment-12\" class=\"wp-caption-text\">Der Blick aufs Meer vom\u00a0 Garten. und das Gazebo an der Klippe<\/figcaption><\/figure><\/td>\n<td>\n<p><figure id=\"attachment_40\" aria-describedby=\"caption-attachment-40\" style=\"width: 150px\" class=\"wp-caption alignnone\"><a href=\"https:\/\/weyh-residence.com\/wp-content\/uploads\/2018\/08\/IMG_20180609_163720.jpg\"><img loading=\"lazy\" decoding=\"async\" class=\"wp-image-40 size-thumbnail\" src=\"https:\/\/weyh-residence.com\/wp-content\/uploads\/2018\/08\/IMG_20180609_163720-150x150.jpg\" alt=\"HouseBalcony\" width=\"150\" height=\"150\" srcset=\"https:\/\/weyh-residence.com\/wp-content\/uploads\/2018\/08\/IMG_20180609_163720-150x150.jpg 150w, https:\/\/weyh-residence.com\/wp-content\/uploads\/2018\/08\/IMG_20180609_163720-100x100.jpg 100w\" sizes=\"auto, (max-width: 150px) 100vw, 150px\" \/><\/a><figcaption id=\"caption-attachment-40\" class=\"wp-caption-text\">Auf dem Balkon\u00a0 eine Brise vom Meer genie\u00dfen<\/figcaption><\/figure><\/td>\n<\/tr>\n<\/tbody>\n<\/table>\n<h2>Studios im Duplex<\/h2>\n<p>Im Duplex-Geb\u00e4ude vermieten wir zwei weitere Zimmer.<\/p>\n<h3>Ausstattung<\/h3>\n<ul>\n<li>Gro\u00dfer Raum (20 m\u00b2) mit Fernseher und Klimaanlage<\/li>\n<li>Privates Badezimmer mit Warmwasserdusche<\/li>\n<li>K\u00fcchenecke mit wesentlichen Utensilien<\/li>\n<li>Queen-Size-Bett<\/li>\n<li>Sofa<\/li>\n<li>Mittelgro\u00dfer K\u00fchlschrank mit Tiefk\u00fchlabteil<\/li>\n<\/ul>\n<table>\n<tbody>\n<tr>\n<td>\n<p><figure id=\"attachment_355\" aria-describedby=\"caption-attachment-355\" style=\"width: 150px\" class=\"wp-caption alignnone\"><a href=\"https:\/\/weyh-residence.com\/wp-content\/uploads\/2019\/10\/DSC_0345.jpg\"><img loading=\"lazy\" decoding=\"async\" class=\"wp-image-355 size-thumbnail\" src=\"https:\/\/weyh-residence.com\/wp-content\/uploads\/2019\/10\/DSC_0345-150x150.jpg\" alt=\"Studio Zimmer\" width=\"150\" height=\"150\" srcset=\"https:\/\/weyh-residence.com\/wp-content\/uploads\/2019\/10\/DSC_0345-150x150.jpg 150w, https:\/\/weyh-residence.com\/wp-content\/uploads\/2019\/10\/DSC_0345-100x100.jpg 100w\" sizes=\"auto, (max-width: 150px) 100vw, 150px\" \/><\/a><figcaption id=\"caption-attachment-355\" class=\"wp-caption-text\">K\u00fcchenecke, Queen-Size-Bett &amp; Klimaanlage<\/figcaption><\/figure><\/td>\n<td>\n<p><figure id=\"attachment_26\" aria-describedby=\"caption-attachment-26\" style=\"width: 150px\" class=\"wp-caption alignnone\"><a href=\"https:\/\/weyh-residence.com\/wp-content\/uploads\/2018\/08\/IMG_20180712_214747.jpg\"><img loading=\"lazy\" decoding=\"async\" class=\"wp-image-26 size-thumbnail\" src=\"https:\/\/weyh-residence.com\/wp-content\/uploads\/2018\/08\/IMG_20180712_214747-150x150.jpg\" alt=\"DuplexBathroom\" width=\"150\" height=\"150\" srcset=\"https:\/\/weyh-residence.com\/wp-content\/uploads\/2018\/08\/IMG_20180712_214747-150x150.jpg 150w, https:\/\/weyh-residence.com\/wp-content\/uploads\/2018\/08\/IMG_20180712_214747-100x100.jpg 100w\" sizes=\"auto, (max-width: 150px) 100vw, 150px\" \/><\/a><figcaption id=\"caption-attachment-26\" class=\"wp-caption-text\">Studio-Badezimmer mit Warmwasser-dusche<\/figcaption><\/figure><\/td>\n<td>\n<p><figure id=\"attachment_32\" aria-describedby=\"caption-attachment-32\" style=\"width: 150px\" class=\"wp-caption alignnone\"><a href=\"https:\/\/weyh-residence.com\/wp-content\/uploads\/2018\/08\/IMG_20180813_162040.jpg\"><img loading=\"lazy\" decoding=\"async\" class=\"wp-image-32 size-thumbnail\" src=\"https:\/\/weyh-residence.com\/wp-content\/uploads\/2018\/08\/IMG_20180813_162040-150x150.jpg\" alt=\"DuplexTV\" width=\"150\" height=\"150\" srcset=\"https:\/\/weyh-residence.com\/wp-content\/uploads\/2018\/08\/IMG_20180813_162040-150x150.jpg 150w, https:\/\/weyh-residence.com\/wp-content\/uploads\/2018\/08\/IMG_20180813_162040-100x100.jpg 100w\" sizes=\"auto, (max-width: 150px) 100vw, 150px\" \/><\/a><figcaption id=\"caption-attachment-32\" class=\"wp-caption-text\">Wohnbereich mit Satelliten-Fernseher<\/figcaption><\/figure><\/td>\n<td>\n<p><figure id=\"attachment_27\" aria-describedby=\"caption-attachment-27\" style=\"width: 150px\" class=\"wp-caption alignnone\"><a href=\"https:\/\/weyh-residence.com\/wp-content\/uploads\/2018\/08\/IMG_20180712_223254.jpg\"><img loading=\"lazy\" decoding=\"async\" class=\"wp-image-27 size-thumbnail\" src=\"https:\/\/weyh-residence.com\/wp-content\/uploads\/2018\/08\/IMG_20180712_223254-150x150.jpg\" alt=\"DuplexTerrace\" width=\"150\" height=\"150\" srcset=\"https:\/\/weyh-residence.com\/wp-content\/uploads\/2018\/08\/IMG_20180712_223254-150x150.jpg 150w, https:\/\/weyh-residence.com\/wp-content\/uploads\/2018\/08\/IMG_20180712_223254-100x100.jpg 100w\" sizes=\"auto, (max-width: 150px) 100vw, 150px\" \/><\/a><figcaption id=\"caption-attachment-27\" class=\"wp-caption-text\">Blick auf die Duplex-Terrasse<\/figcaption><\/figure><\/td>\n<\/tr>\n<\/tbody>\n<\/table>\n","protected":false},"excerpt":{"rendered":"<p>Haus mit zwei Schlafzimmern Ausstattung Hauptschlafzimmer mit Fernseher, Klimaanlage, en Suite Badezimmer und Queen-Size Bett Zweites Schafzimmer mit Klimaanlage und Queen-Size-Bett Zweites Badezimmer mit Toilette Dusche mit Warmwasser Voll ausgestattete K\u00fcche mit gro\u00dfem K\u00fchlschrank, Wasserspender, Ofen, Herd und Reiskocher Esstisch f\u00fcr 6 Personen Wohnzimmer mit bequemem Sofa und Satelliten-Fernseher Studios im Duplex Im Duplex-Geb\u00e4ude vermieten &hellip; <\/p>\n<p class=\"link-more\"><a href=\"https:\/\/weyh-residence.com\/?page_id=273&#038;lang=de\" class=\"more-link\">Continue reading<span class=\"screen-reader-text\"> &#8220;Die Unterk\u00fcnfte&#8221;<\/span><\/a><\/p>\n","protected":false},"author":1,"featured_media":0,"parent":0,"menu_order":1,"comment_status":"closed","ping_status":"closed","template":"","meta":{"footnotes":""},"class_list":["post-273","page","type-page","status-publish","hentry"],"_links":{"self":[{"href":"https:\/\/weyh-residence.com\/index.php?rest_route=\/wp\/v2\/pages\/273","targetHints":{"allow":["GET"]}}],"collection":[{"href":"https:\/\/weyh-residence.com\/index.php?rest_route=\/wp\/v2\/pages"}],"about":[{"href":"https:\/\/weyh-residence.com\/index.php?rest_route=\/wp\/v2\/types\/page"}],"author":[{"embeddable":true,"href":"https:\/\/weyh-residence.com\/index.php?rest_route=\/wp\/v2\/users\/1"}],"replies":[{"embeddable":true,"href":"https:\/\/weyh-residence.com\/index.php?rest_route=%2Fwp%2Fv2%2Fcomments&post=273"}],"version-history":[{"count":10,"href":"https:\/\/weyh-residence.com\/index.php?rest_route=\/wp\/v2\/pages\/273\/revisions"}],"predecessor-version":[{"id":356,"href":"https:\/\/weyh-residence.com\/index.php?rest_route=\/wp\/v2\/pages\/273\/revisions\/356"}],"wp:attachment":[{"href":"https:\/\/weyh-residence.com\/index.php?rest_route=%2Fwp%2Fv2%2Fmedia&parent=273"}],"curies":[{"name":"wp","href":"https:\/\/api.w.org\/{rel}","templated":true}]}}