{"id":15,"date":"2018-08-16T09:11:44","date_gmt":"2018-08-16T01:11:44","guid":{"rendered":"http:\/\/weyh-residence.com\/?page_id=15"},"modified":"2022-12-23T20:11:40","modified_gmt":"2022-12-23T12:11:40","slug":"welcome-to-weyh-residence","status":"publish","type":"page","link":"https:\/\/weyh-residence.com\/?page_id=15&lang=de","title":{"rendered":"Willkommen in der Weyh Residence"},"content":{"rendered":"<p>Seit unserer Er\u00f6ffnung im Jahr 2018 vermieten wir ein Haus mit zwei Schlafzimmern und ein Duplex mit 2 separaten Studios. Die Anlange verf\u00fcgt\u00a0\u00fcber 50 Mbps Glasfaser,<\/p>\n<h2><em>Daplin sa dagat<\/em> &#8211; Am Meer<\/h2>\n<p>Kurz nachdem wir uns hier niedergelassen haben, hat meine Frau unser Heim als \u201e<em>daplin sa dagat<\/em>\u201c getauft. Im lokalen Dialekt bedeutet dies \u201eam Meer\u201c. Wir haben direkten Zugang zum Meer und zu einem Klippenbereich mit Blick aufs Meer.<\/p>\n<h2>Die Unterk\u00fcnfte \u2013 in K\u00fcrze<\/h2>\n<h3>Haus mit zwei Schlafzimmern<\/h3>\n<p>Das Haus bietet Blick aufs Meer und verf\u00fcgt \u00fcber eine voll ausgestattete K\u00fcche. Beide Schlafzimmer sind mit Klimaanlage ausgestattet. Auch das Wohnzimmer hat eine Klimaanlage. F\u00fcr Ihren Komfort ist in beiden Badezimmern (eines davon en Suite) Warmwasser verf\u00fcgbar. Neben dem Fernseher im Wohnzimmer gibt es auch im Hauptschlafzimmer ein Fernsehger\u00e4t. Das Haus ist f\u00fcr 4 (maximal 5) Personen geeignet.<\/p>\n<table>\n<tbody>\n<tr>\n<td>\n<p><figure id=\"attachment_475\" aria-describedby=\"caption-attachment-475\" style=\"width: 300px\" class=\"wp-caption alignnone\"><img loading=\"lazy\" decoding=\"async\" class=\"wp-image-475 size-medium\" src=\"https:\/\/weyh-residence.com\/wp-content\/uploads\/2022\/12\/Weyh_2BedR-16-1-300x200.jpg\" alt=\"Wohnzimmer im Haus\" width=\"300\" height=\"200\" srcset=\"https:\/\/weyh-residence.com\/wp-content\/uploads\/2022\/12\/Weyh_2BedR-16-1-300x200.jpg 300w, https:\/\/weyh-residence.com\/wp-content\/uploads\/2022\/12\/Weyh_2BedR-16-1-1024x683.jpg 1024w, https:\/\/weyh-residence.com\/wp-content\/uploads\/2022\/12\/Weyh_2BedR-16-1-768x512.jpg 768w, https:\/\/weyh-residence.com\/wp-content\/uploads\/2022\/12\/Weyh_2BedR-16-1-1536x1024.jpg 1536w, https:\/\/weyh-residence.com\/wp-content\/uploads\/2022\/12\/Weyh_2BedR-16-1-2048x1365.jpg 2048w\" sizes=\"auto, (max-width: 300px) 100vw, 300px\" \/><figcaption id=\"caption-attachment-475\" class=\"wp-caption-text\">Haus mit zwei Schlafzimmern, Wohnzimmer, Esszimmer und K\u00fcche (mit wesentlichen Utensilien).<\/figcaption><\/figure><\/td>\n<td>\n<p><figure id=\"attachment_430\" aria-describedby=\"caption-attachment-430\" style=\"width: 300px\" class=\"wp-caption alignnone\"><img loading=\"lazy\" decoding=\"async\" class=\"wp-image-430 size-medium\" src=\"https:\/\/weyh-residence.com\/wp-content\/uploads\/2022\/12\/Weyh_2BedR-11-300x200.jpg\" alt=\"Wohnzimmer\" width=\"300\" height=\"200\" srcset=\"https:\/\/weyh-residence.com\/wp-content\/uploads\/2022\/12\/Weyh_2BedR-11-300x200.jpg 300w, https:\/\/weyh-residence.com\/wp-content\/uploads\/2022\/12\/Weyh_2BedR-11-1024x683.jpg 1024w, https:\/\/weyh-residence.com\/wp-content\/uploads\/2022\/12\/Weyh_2BedR-11-768x512.jpg 768w, https:\/\/weyh-residence.com\/wp-content\/uploads\/2022\/12\/Weyh_2BedR-11-1536x1024.jpg 1536w, https:\/\/weyh-residence.com\/wp-content\/uploads\/2022\/12\/Weyh_2BedR-11-2048x1365.jpg 2048w\" sizes=\"auto, (max-width: 300px) 100vw, 300px\" \/><figcaption id=\"caption-attachment-430\" class=\"wp-caption-text\">Wohnzimmer mit Smart TV und Satellite TV.<\/figcaption><\/figure><\/td>\n<\/tr>\n<\/tbody>\n<\/table>\n<h3>Die Studios<\/h3>\n<p>Die Studios befinden sich auf dem gleichen Grundst\u00fcck wie das Haus und verf\u00fcgen ebenfalls \u00fcber Klimaanlage, Fernseher und Dusche mit Warmwasser. Jedes Studio ist f\u00fcr maximal 2 Personen geeignet.<\/p>\n<table>\n<tbody>\n<tr>\n<td>\n<p><figure id=\"attachment_451\" aria-describedby=\"caption-attachment-451\" style=\"width: 300px\" class=\"wp-caption alignnone\"><img loading=\"lazy\" decoding=\"async\" class=\"wp-image-451 size-medium\" src=\"https:\/\/weyh-residence.com\/wp-content\/uploads\/2022\/12\/Weyh_studio-2-300x200.jpg\" alt=\"\" width=\"300\" height=\"200\" srcset=\"https:\/\/weyh-residence.com\/wp-content\/uploads\/2022\/12\/Weyh_studio-2-300x200.jpg 300w, https:\/\/weyh-residence.com\/wp-content\/uploads\/2022\/12\/Weyh_studio-2-1024x683.jpg 1024w, https:\/\/weyh-residence.com\/wp-content\/uploads\/2022\/12\/Weyh_studio-2-768x512.jpg 768w, https:\/\/weyh-residence.com\/wp-content\/uploads\/2022\/12\/Weyh_studio-2-1536x1024.jpg 1536w, https:\/\/weyh-residence.com\/wp-content\/uploads\/2022\/12\/Weyh_studio-2-2048x1365.jpg 2048w\" sizes=\"auto, (max-width: 300px) 100vw, 300px\" \/><figcaption id=\"caption-attachment-451\" class=\"wp-caption-text\">Studio fuer 2 Personen mit Klimaanlage, K\u00fcchenzeile, Smart TV<\/figcaption><\/figure><\/td>\n<td>\n<p><figure id=\"attachment_456\" aria-describedby=\"caption-attachment-456\" style=\"width: 300px\" class=\"wp-caption alignnone\"><img loading=\"lazy\" decoding=\"async\" class=\"wp-image-456 size-medium\" src=\"https:\/\/weyh-residence.com\/wp-content\/uploads\/2022\/12\/Weyh_studio-7-300x200.jpg\" alt=\"\" width=\"300\" height=\"200\" srcset=\"https:\/\/weyh-residence.com\/wp-content\/uploads\/2022\/12\/Weyh_studio-7-300x200.jpg 300w, https:\/\/weyh-residence.com\/wp-content\/uploads\/2022\/12\/Weyh_studio-7-1024x683.jpg 1024w, https:\/\/weyh-residence.com\/wp-content\/uploads\/2022\/12\/Weyh_studio-7-768x512.jpg 768w, https:\/\/weyh-residence.com\/wp-content\/uploads\/2022\/12\/Weyh_studio-7-1536x1024.jpg 1536w, https:\/\/weyh-residence.com\/wp-content\/uploads\/2022\/12\/Weyh_studio-7-2048x1365.jpg 2048w\" sizes=\"auto, (max-width: 300px) 100vw, 300px\" \/><figcaption id=\"caption-attachment-456\" class=\"wp-caption-text\">Duplex mit den 2 Studios<\/figcaption><\/figure><\/td>\n<\/tr>\n<\/tbody>\n<\/table>\n<h2>Die Lage<\/h2>\n<p>Weyh Residence befindet sich auf der Nordseite der Insel Panglao direkt am Meer.\u00a0 F\u00fcr Freediver \/ Schnochler ist dies seit einigen Jahren ein grosser Treffpunkt (Sardinen Schwarm bei\u00a0 Napaling). Die wichtigsten Touristenattraktionen (Alona Beach, Doljo Beach) auf der Insel Panglao sind etwa 20 Minuten entfernt. Der lokale Flughafen (er\u00f6ffnet November 2018) ist 15 Minuten entfernt (IATA: TAG, ICAO RPSP). Tagbilaran City, Bohol erreicht man mit dem Auto in 20 Minuten. Ansonsten gibt es gute F\u00e4hranbindungen unter anderem von Cebu und Dumaguette nach Tagbilaran. Der Pier ist etwa\u00a0 sind 15 km entfernt.<\/p>\n<table>\n<tbody>\n<tr>\n<td>\n<p><figure id=\"attachment_35\" aria-describedby=\"caption-attachment-35\" style=\"width: 150px\" class=\"wp-caption alignnone\"><a href=\"https:\/\/weyh-residence.com\/wp-content\/uploads\/2018\/08\/P5070440_Fotor.jpg\"><img loading=\"lazy\" decoding=\"async\" class=\"wp-image-35 size-thumbnail\" src=\"https:\/\/weyh-residence.com\/wp-content\/uploads\/2018\/08\/P5070440_Fotor-150x150.jpg\" alt=\"GazeboSunset\" width=\"150\" height=\"150\" srcset=\"https:\/\/weyh-residence.com\/wp-content\/uploads\/2018\/08\/P5070440_Fotor-150x150.jpg 150w, https:\/\/weyh-residence.com\/wp-content\/uploads\/2018\/08\/P5070440_Fotor-100x100.jpg 100w\" sizes=\"auto, (max-width: 150px) 100vw, 150px\" \/><\/a><figcaption id=\"caption-attachment-35\" class=\"wp-caption-text\">Sonnenuntergang. Blick \u00fcber Gazebo und Meer<\/figcaption><\/figure><\/td>\n<td>\n<p><figure id=\"attachment_463\" aria-describedby=\"caption-attachment-463\" style=\"width: 150px\" class=\"wp-caption alignnone\"><img loading=\"lazy\" decoding=\"async\" class=\"wp-image-463 size-thumbnail\" src=\"https:\/\/weyh-residence.com\/wp-content\/uploads\/2022\/12\/Weyh_outdoor-5-150x150.jpg\" alt=\"\" width=\"150\" height=\"150\" srcset=\"https:\/\/weyh-residence.com\/wp-content\/uploads\/2022\/12\/Weyh_outdoor-5-150x150.jpg 150w, https:\/\/weyh-residence.com\/wp-content\/uploads\/2022\/12\/Weyh_outdoor-5-100x100.jpg 100w\" sizes=\"auto, (max-width: 150px) 100vw, 150px\" \/><figcaption id=\"caption-attachment-463\" class=\"wp-caption-text\">Blick in den Garten \u00fcber dem Meer<\/figcaption><\/figure><\/td>\n<td>\n<p><figure id=\"attachment_29\" aria-describedby=\"caption-attachment-29\" style=\"width: 150px\" class=\"wp-caption alignnone\"><a href=\"https:\/\/weyh-residence.com\/wp-content\/uploads\/2018\/08\/IMG_20180816_074524.jpg\"><img loading=\"lazy\" decoding=\"async\" class=\"size-thumbnail wp-image-29\" src=\"https:\/\/weyh-residence.com\/wp-content\/uploads\/2018\/08\/IMG_20180816_074524-150x150.jpg\" alt=\"OutsideSitting\" width=\"150\" height=\"150\" srcset=\"https:\/\/weyh-residence.com\/wp-content\/uploads\/2018\/08\/IMG_20180816_074524-150x150.jpg 150w, https:\/\/weyh-residence.com\/wp-content\/uploads\/2018\/08\/IMG_20180816_074524-100x100.jpg 100w\" sizes=\"auto, (max-width: 150px) 100vw, 150px\" \/><\/a><figcaption id=\"caption-attachment-29\" class=\"wp-caption-text\">Bei einem Drink im Garten entspannen<\/figcaption><\/figure><\/td>\n<td>\n<p><figure id=\"attachment_473\" aria-describedby=\"caption-attachment-473\" style=\"width: 150px\" class=\"wp-caption alignnone\"><img loading=\"lazy\" decoding=\"async\" class=\"wp-image-473 size-thumbnail\" src=\"https:\/\/weyh-residence.com\/wp-content\/uploads\/2022\/12\/Weyh_outdoor-16-150x150.jpg\" alt=\"Gazebo at sunset\" width=\"150\" height=\"150\" srcset=\"https:\/\/weyh-residence.com\/wp-content\/uploads\/2022\/12\/Weyh_outdoor-16-150x150.jpg 150w, https:\/\/weyh-residence.com\/wp-content\/uploads\/2022\/12\/Weyh_outdoor-16-100x100.jpg 100w\" sizes=\"auto, (max-width: 150px) 100vw, 150px\" \/><figcaption id=\"caption-attachment-473\" class=\"wp-caption-text\">Meerblick<\/figcaption><\/figure><\/td>\n<\/tr>\n<\/tbody>\n<\/table>\n<h2>Was bieten wir<\/h2>\n<p><span style=\"font-size: 1rem;\">Kostenfreie Internetverbindung (WiFi) ist vorhanden. Sie k\u00f6nnen zwischen 30 und 50 Mbit\/s erwarten.\u00a0<\/span><\/p>\n<p><span style=\"font-size: 1rem;\">Unsere Familie wohnt in einem separaten Haus auf dem gleichen Grundst\u00fcck. Neben unseren Kindern haben wir einige Hunde und Katzen. Die Katzen sind unabh\u00e4ngig und werden von unseren G\u00e4sten normalerweise nicht wahrgenommen. Unsere Hunde sind freundlich. Es kann sein, dass sie bellen, wenn sich jemand dem Grundst\u00fcck n\u00e4hert. Wenn Sie sich in der N\u00e4he von Hunden nicht wohlf\u00fchlen, k\u00f6nnen wir daf\u00fcr sorgen, dass Sie nicht mit Ihnen in Kontakt kommen.<\/span><\/p>\n<p><span style=\"font-size: 1rem;\">Mit unserem Van bieten wir Ihnen einen Abhol- und Drop-off-Service (gegen Bezahlung) in Tagbilaran City sowie jedem Ort auf Panglao an.<\/span><\/p>\n<p><span style=\"font-size: 1rem;\">Wir haben auch einige Motorr\u00e4der, die Sie mieten k\u00f6nnen.<\/span><\/p>\n<p><span style=\"font-size: 1rem;\">Wir w\u00fcrden uns sehr freuen, Sie als G\u00e4ste in unserem Heim begr\u00fc\u00dfen zu k\u00f6nnen.<\/span><\/p>\n<p>Amor &amp; Neil Weyh<\/p>\n","protected":false},"excerpt":{"rendered":"<p>Seit unserer Er\u00f6ffnung im Jahr 2018 vermieten wir ein Haus mit zwei Schlafzimmern und ein Duplex mit 2 separaten Studios. Die Anlange verf\u00fcgt\u00a0\u00fcber 50 Mbps Glasfaser, Daplin sa dagat &#8211; Am Meer Kurz nachdem wir uns hier niedergelassen haben, hat meine Frau unser Heim als \u201edaplin sa dagat\u201c getauft. Im lokalen Dialekt bedeutet dies \u201eam &hellip; <\/p>\n<p class=\"link-more\"><a href=\"https:\/\/weyh-residence.com\/?page_id=15&#038;lang=de\" class=\"more-link\">Continue reading<span class=\"screen-reader-text\"> &#8220;Willkommen in der Weyh Residence&#8221;<\/span><\/a><\/p>\n","protected":false},"author":1,"featured_media":0,"parent":0,"menu_order":0,"comment_status":"closed","ping_status":"closed","template":"","meta":{"footnotes":""},"class_list":["post-15","page","type-page","status-publish","hentry"],"_links":{"self":[{"href":"https:\/\/weyh-residence.com\/index.php?rest_route=\/wp\/v2\/pages\/15","targetHints":{"allow":["GET"]}}],"collection":[{"href":"https:\/\/weyh-residence.com\/index.php?rest_route=\/wp\/v2\/pages"}],"about":[{"href":"https:\/\/weyh-residence.com\/index.php?rest_route=\/wp\/v2\/types\/page"}],"author":[{"embeddable":true,"href":"https:\/\/weyh-residence.com\/index.php?rest_route=\/wp\/v2\/users\/1"}],"replies":[{"embeddable":true,"href":"https:\/\/weyh-residence.com\/index.php?rest_route=%2Fwp%2Fv2%2Fcomments&post=15"}],"version-history":[{"count":19,"href":"https:\/\/weyh-residence.com\/index.php?rest_route=\/wp\/v2\/pages\/15\/revisions"}],"predecessor-version":[{"id":483,"href":"https:\/\/weyh-residence.com\/index.php?rest_route=\/wp\/v2\/pages\/15\/revisions\/483"}],"wp:attachment":[{"href":"https:\/\/weyh-residence.com\/index.php?rest_route=%2Fwp%2Fv2%2Fmedia&parent=15"}],"curies":[{"name":"wp","href":"https:\/\/api.w.org\/{rel}","templated":true}]}}